{"id":26,"date":"2022-03-16T19:20:06","date_gmt":"2022-03-16T22:20:06","guid":{"rendered":"https:\/\/www.cepceciliameireles.com.br\/site\/?page_id=26"},"modified":"2022-03-16T19:31:35","modified_gmt":"2022-03-16T22:31:35","slug":"educacao-infantil","status":"publish","type":"page","link":"https:\/\/www.cepceciliameireles.com.br\/site\/educacao-infantil\/","title":{"rendered":"Educa\u00e7\u00e3o Infantil"},"content":{"rendered":"\n<p>\u00c9 na <strong>Educa\u00e7\u00e3o Infantil<\/strong>, primeira etapa do Ensino B\u00e1sico, que as crian\u00e7as, na viv\u00eancia de brincadeiras, na produ\u00e7\u00e3o de desenhos, express\u00e3o de gestos, de fantasias, e na intera\u00e7\u00e3o entre si, explicitam a maneira como interpretam a cultura adulta em que se inserem, mas tamb\u00e9m abrem espa\u00e7o para a recria\u00e7\u00e3o da pr\u00f3pria cultura, da pr\u00f3pria identidade, da constru\u00e7\u00e3o do pr\u00f3prio conhecimento.<\/p>\n","protected":false},"excerpt":{"rendered":"<p>\u00c9 na Educa\u00e7\u00e3o Infantil, primeira etapa do Ensino B\u00e1sico, que as crian\u00e7as, na viv\u00eancia de brincadeiras, na produ\u00e7\u00e3o de desenhos, express\u00e3o de gestos, de fantasias, e na intera\u00e7\u00e3o entre si, explicitam a maneira como interpretam a cultura adulta em que se inserem, mas tamb\u00e9m abrem espa\u00e7o para a recria\u00e7\u00e3o da pr\u00f3pria cultura, da pr\u00f3pria identidade, &#8230; <a title=\"Educa\u00e7\u00e3o Infantil\" class=\"read-more\" href=\"https:\/\/www.cepceciliameireles.com.br\/site\/educacao-infantil\/\" aria-label=\"Read more about Educa\u00e7\u00e3o Infantil\">Ler mais<\/a><\/p>\n","protected":false},"author":1,"featured_media":0,"parent":0,"menu_order":0,"comment_status":"closed","ping_status":"closed","template":"","meta":{"footnotes":""},"class_list":["post-26","page","type-page","status-publish"],"_links":{"self":[{"href":"https:\/\/www.cepceciliameireles.com.br\/site\/wp-json\/wp\/v2\/pages\/26","targetHints":{"allow":["GET"]}}],"collection":[{"href":"https:\/\/www.cepceciliameireles.com.br\/site\/wp-json\/wp\/v2\/pages"}],"about":[{"href":"https:\/\/www.cepceciliameireles.com.br\/site\/wp-json\/wp\/v2\/types\/page"}],"author":[{"embeddable":true,"href":"https:\/\/www.cepceciliameireles.com.br\/site\/wp-json\/wp\/v2\/users\/1"}],"replies":[{"embeddable":true,"href":"https:\/\/www.cepceciliameireles.com.br\/site\/wp-json\/wp\/v2\/comments?post=26"}],"version-history":[{"count":4,"href":"https:\/\/www.cepceciliameireles.com.br\/site\/wp-json\/wp\/v2\/pages\/26\/revisions"}],"predecessor-version":[{"id":36,"href":"https:\/\/www.cepceciliameireles.com.br\/site\/wp-json\/wp\/v2\/pages\/26\/revisions\/36"}],"wp:attachment":[{"href":"https:\/\/www.cepceciliameireles.com.br\/site\/wp-json\/wp\/v2\/media?parent=26"}],"curies":[{"name":"wp","href":"https:\/\/api.w.org\/{rel}","templated":true}]}}